{"id":1267,"date":"2020-08-31T14:39:09","date_gmt":"2020-08-31T07:39:09","guid":{"rendered":"http:\/\/maytinh2.maugiaodien.com\/?post_type=product&#038;p=1267"},"modified":"2020-08-31T15:04:10","modified_gmt":"2020-08-31T08:04:10","slug":"may-tinh-choi-game-pcap-apollo","status":"publish","type":"product","link":"https:\/\/maytinh2.minasoft.vn\/?product=may-tinh-choi-game-pcap-apollo","title":{"rendered":"M\u00e1y t\u00ednh ch\u01a1i game PCAP Apollo"},"content":{"rendered":"<h1 class=\"txt_b\">M\u00e1y t\u00ednh ch\u01a1i game PCAP\u00a0Jupiter U<\/h1>\n<p><strong>C\u1ea5u h\u00ecnh chi ti\u1ebft<\/strong><\/p>\n<p><strong>CPU AMD Ryzen 5 3600:\u00a0<\/strong>S\u1edf h\u1eefu th\u00f4ng s\u1ed1 \u1ea5n t\u01b0\u1ee3ng, 6 nh\u00e2n, 12 lu\u1ed3ng x\u1eed l\u00fd, b\u1ed9 nh\u1edb \u0111\u1ec7m l\u00ean t\u1edbi 32MB, v\u00e0 \u0111i\u1ec1u \u0111\u1eb7c bi\u1ec7t nh\u1ea5t l\u00e0 t\u1ed1c \u0111\u1ed9 x\u1eed l\u00fd t\u1ed1i \u0111a khi ho\u1ea1t \u0111\u1ed9ng \u1edf ch\u1ebf \u0111\u1ed9 \u0111\u01a1n nh\u00e2n l\u00ean t\u1edbi 4.2GHz, \u0111i\u1ec1u m\u00e0 tr\u01b0\u1edbc \u0111\u00e2y ch\u01b0a b\u1ed9 CPU Ryzen n\u00e0o l\u00e0m \u0111\u01b0\u1ee3c.<\/p>\n<p><img decoding=\"async\" src=\"https:\/\/maytinhvietphong.vn\/media\/lib\/5873_cpu-amd-ryzen-5-3600.jpg\" alt=\"Cpu Amd Ryzen 5 3600\" \/><\/p>\n<p><strong>Mainboard B450\u00a0<\/strong>s\u1eed d\u1ee5ng socket AM4 h\u1ed7 tr\u1ee3 c\u00e1c d\u00f2ng\u00a0CPU\u00a0cao c\u1ea5p th\u1ebf h\u1ec7 th\u1ee9 1, 2 v\u00e0 3 c\u1ee7a AMD, \u0111\u1ed3ng th\u1eddi h\u1ed7 tr\u1ee3 nhi\u1ec1u t\u00ednh n\u0103ng cao c\u1ea5p th\u00f4ng qua b\u1ed9 chipset B450.<\/p>\n<p><img loading=\"lazy\" decoding=\"async\" src=\"https:\/\/www.anphatpc.com.vn\/media\/product\/30023_mainboard_msi_b450_tomahawk_max_am4_atx_2.png\" alt=\"\" width=\"780\" height=\"625\" \/><\/p>\n<p><em>H\u00ecnh \u1ea3nh ch\u1ec9 mang t\u00ednh ch\u1ea5t minh h\u1ecda\u00a0<\/em><\/p>\n<p><strong>Ram 16GB (2x8GB) DDR4 3200MHz\u00a0<\/strong>mang t\u1edbi kh\u1ea3 n\u0103ng l\u01b0u tr\u1eef v\u00e0 x\u1eed l\u00fd \u0111a nhi\u1ec7m hi\u1ec7u qu\u1ea3.<\/p>\n<p><img loading=\"lazy\" decoding=\"async\" src=\"https:\/\/www.anphatpc.com.vn\/media\/product\/32864_xlr8_ddr4_ra.jpg\" alt=\"\" width=\"612\" height=\"612\" \/>H\u00ecnh<em>\u00a0\u1ea3nh ch\u1ec9 mang t\u00ednh ch\u1ea5t minh h\u1ecda\u00a0<\/em><\/p>\n<p><strong>VGA\u00a0 GeForce RTX 2060 SUPER<\/strong>\u00a0\u0111\u01b0\u1ee3c cung c\u1ea5p b\u1edfi\u00a0ki\u1ebfn tr\u00fac\u00a0NVIDIA Turing\u00a0<sup>\u2122 \u0111\u00e3<\/sup>\u00a0gi\u00e0nh gi\u1ea3i th\u01b0\u1edfng\u00a0, mang l\u1ea1i hi\u1ec7u n\u0103ng v\u00e0 \u0111\u1ed3 h\u1ecda c\u1ef1c nhanh cho m\u1ecdi game th\u1ee7 v\u00e0 ng\u01b0\u1eddi s\u00e1ng t\u1ea1o<\/p>\n","protected":false},"excerpt":{"rendered":"<p><span class=\"item \">H\u00ecnh \u1ea3nh ch\u1ec9 mang t\u00ednh ch\u1ea5t minh h\u1ecda <\/span><span class=\"item \"><i class=\"fa fa-check-circle\"><\/i>CPUA0033 &#8211; CPU AMD Ryzen 5 3600 <\/span><span class=\"item \"><i class=\"fa fa-check-circle\"><\/i>MAMS0203 &#8211; Mainboard MSI B450 TOMAHAWK MAX <\/span><span class=\"item \"><i class=\"fa fa-check-circle\"><\/i>RAPN0001 x 2 &#8211; Ram PNY XLR8 Gaming 16GB (2x8GB) DDR4 3200MHz<\/span><\/p>\n","protected":false},"featured_media":1268,"comment_status":"open","ping_status":"closed","template":"","meta":[],"yst_prominent_words":[],"class_list":{"0":"post-1267","1":"product","2":"type-product","3":"status-publish","4":"has-post-thumbnail","6":"product_cat-may-tinh-de-ban","8":"first","9":"instock","10":"sale","11":"shipping-taxable","12":"purchasable","13":"product-type-simple"},"_links":{"self":[{"href":"https:\/\/maytinh2.minasoft.vn\/index.php?rest_route=\/wp\/v2\/product\/1267","targetHints":{"allow":["GET"]}}],"collection":[{"href":"https:\/\/maytinh2.minasoft.vn\/index.php?rest_route=\/wp\/v2\/product"}],"about":[{"href":"https:\/\/maytinh2.minasoft.vn\/index.php?rest_route=\/wp\/v2\/types\/product"}],"replies":[{"embeddable":true,"href":"https:\/\/maytinh2.minasoft.vn\/index.php?rest_route=%2Fwp%2Fv2%2Fcomments&post=1267"}],"wp:featuredmedia":[{"embeddable":true,"href":"https:\/\/maytinh2.minasoft.vn\/index.php?rest_route=\/wp\/v2\/media\/1268"}],"wp:attachment":[{"href":"https:\/\/maytinh2.minasoft.vn\/index.php?rest_route=%2Fwp%2Fv2%2Fmedia&parent=1267"}],"wp:term":[{"taxonomy":"yst_prominent_words","embeddable":true,"href":"https:\/\/maytinh2.minasoft.vn\/index.php?rest_route=%2Fwp%2Fv2%2Fyst_prominent_words&post=1267"}],"curies":[{"name":"wp","href":"https:\/\/api.w.org\/{rel}","templated":true}]}}