{"id":912,"date":"2020-08-04T13:45:15","date_gmt":"2020-08-04T06:45:15","guid":{"rendered":"http:\/\/maytinh2.maugiaodien.com\/?page_id=912"},"modified":"2020-08-04T13:45:15","modified_gmt":"2020-08-04T06:45:15","slug":"chinh-sach-dai-ly","status":"publish","type":"page","link":"https:\/\/maytinh2.minasoft.vn\/?page_id=912","title":{"rendered":"Ch\u00ednh s\u00e1ch \u0111\u1ea1i l\u00fd"},"content":{"rendered":"<p>Ch\u00ednh s\u00e1ch \u0111\u1ea1i l\u00fd<\/p>\n<p>&nbsp;<\/p>\n","protected":false},"excerpt":{"rendered":"<p>Ch\u00ednh s\u00e1ch \u0111\u1ea1i l\u00fd &nbsp;<\/p>\n","protected":false},"author":2,"featured_media":0,"parent":0,"menu_order":0,"comment_status":"closed","ping_status":"closed","template":"","meta":{"footnotes":""},"yst_prominent_words":[],"class_list":["post-912","page","type-page","status-publish","hentry"],"_links":{"self":[{"href":"https:\/\/maytinh2.minasoft.vn\/index.php?rest_route=\/wp\/v2\/pages\/912","targetHints":{"allow":["GET"]}}],"collection":[{"href":"https:\/\/maytinh2.minasoft.vn\/index.php?rest_route=\/wp\/v2\/pages"}],"about":[{"href":"https:\/\/maytinh2.minasoft.vn\/index.php?rest_route=\/wp\/v2\/types\/page"}],"author":[{"embeddable":true,"href":"https:\/\/maytinh2.minasoft.vn\/index.php?rest_route=\/wp\/v2\/users\/2"}],"replies":[{"embeddable":true,"href":"https:\/\/maytinh2.minasoft.vn\/index.php?rest_route=%2Fwp%2Fv2%2Fcomments&post=912"}],"version-history":[{"count":1,"href":"https:\/\/maytinh2.minasoft.vn\/index.php?rest_route=\/wp\/v2\/pages\/912\/revisions"}],"predecessor-version":[{"id":913,"href":"https:\/\/maytinh2.minasoft.vn\/index.php?rest_route=\/wp\/v2\/pages\/912\/revisions\/913"}],"wp:attachment":[{"href":"https:\/\/maytinh2.minasoft.vn\/index.php?rest_route=%2Fwp%2Fv2%2Fmedia&parent=912"}],"wp:term":[{"taxonomy":"yst_prominent_words","embeddable":true,"href":"https:\/\/maytinh2.minasoft.vn\/index.php?rest_route=%2Fwp%2Fv2%2Fyst_prominent_words&post=912"}],"curies":[{"name":"wp","href":"https:\/\/api.w.org\/{rel}","templated":true}]}}