{"id":910,"date":"2020-08-04T13:45:05","date_gmt":"2020-08-04T06:45:05","guid":{"rendered":"http:\/\/maytinh2.maugiaodien.com\/?page_id=910"},"modified":"2020-08-04T13:45:05","modified_gmt":"2020-08-04T06:45:05","slug":"chinh-sach-bao-hanh","status":"publish","type":"page","link":"https:\/\/maytinh2.minasoft.vn\/?page_id=910","title":{"rendered":"Ch\u00ednh s\u00e1ch b\u1ea3o h\u00e0nh"},"content":{"rendered":"<p>Ch\u00ednh s\u00e1ch b\u1ea3o h\u00e0nh<\/p>\n<p>&nbsp;<\/p>\n","protected":false},"excerpt":{"rendered":"<p>Ch\u00ednh s\u00e1ch b\u1ea3o h\u00e0nh &nbsp;<\/p>\n","protected":false},"author":2,"featured_media":0,"parent":0,"menu_order":0,"comment_status":"closed","ping_status":"closed","template":"","meta":{"footnotes":""},"yst_prominent_words":[],"class_list":["post-910","page","type-page","status-publish","hentry"],"_links":{"self":[{"href":"https:\/\/maytinh2.minasoft.vn\/index.php?rest_route=\/wp\/v2\/pages\/910","targetHints":{"allow":["GET"]}}],"collection":[{"href":"https:\/\/maytinh2.minasoft.vn\/index.php?rest_route=\/wp\/v2\/pages"}],"about":[{"href":"https:\/\/maytinh2.minasoft.vn\/index.php?rest_route=\/wp\/v2\/types\/page"}],"author":[{"embeddable":true,"href":"https:\/\/maytinh2.minasoft.vn\/index.php?rest_route=\/wp\/v2\/users\/2"}],"replies":[{"embeddable":true,"href":"https:\/\/maytinh2.minasoft.vn\/index.php?rest_route=%2Fwp%2Fv2%2Fcomments&post=910"}],"version-history":[{"count":1,"href":"https:\/\/maytinh2.minasoft.vn\/index.php?rest_route=\/wp\/v2\/pages\/910\/revisions"}],"predecessor-version":[{"id":911,"href":"https:\/\/maytinh2.minasoft.vn\/index.php?rest_route=\/wp\/v2\/pages\/910\/revisions\/911"}],"wp:attachment":[{"href":"https:\/\/maytinh2.minasoft.vn\/index.php?rest_route=%2Fwp%2Fv2%2Fmedia&parent=910"}],"wp:term":[{"taxonomy":"yst_prominent_words","embeddable":true,"href":"https:\/\/maytinh2.minasoft.vn\/index.php?rest_route=%2Fwp%2Fv2%2Fyst_prominent_words&post=910"}],"curies":[{"name":"wp","href":"https:\/\/api.w.org\/{rel}","templated":true}]}}