{"id":1240,"date":"2020-08-31T14:03:23","date_gmt":"2020-08-31T07:03:23","guid":{"rendered":"http:\/\/maytinh2.maugiaodien.com\/?page_id=1240"},"modified":"2020-08-31T14:03:23","modified_gmt":"2020-08-31T07:03:23","slug":"mua-tra-gop","status":"publish","type":"page","link":"https:\/\/maytinh2.minasoft.vn\/?page_id=1240","title":{"rendered":"Mua tr\u1ea3 g\u00f3p"},"content":{"rendered":"<p><strong>Tr\u1ea3 g\u00f3p qua th\u1ebb t\u00edn d\u1ee5ng<\/strong><\/p>\n<p><strong>1. H\u01b0\u1edbng d\u1eabn mua h\u00e0ng tr\u1ea3 g\u00f3p qua th\u1ebb t\u00edn d\u1ee5ng ( th\u1ebb ghi n\u1ee3):<\/strong><\/p>\n<p>Mua h\u00e0ng tr\u1ea3 g\u00f3p b\u1eb1ng th\u1ebb t\u00edn d\u1ee5ng l\u00e0 g\u00ec? L\u00e0 h\u00ecnh th\u1ee9c mua h\u00e0ng c\u1ef1c k\u1ef3 ti\u1ec7n l\u1ee3i d\u00e0nh cho doanh nh\u00e2n, c\u00e1n b\u1ed9, nh\u00e2n vi\u00ean v\u0103n ph\u00f2ng,&#8230; nh\u1eefng ng\u01b0\u1eddi \u0111ang s\u1eed d\u1ee5ng th\u1ebb t\u00edn d\u1ee5ng\u00a0c\u00f3 nhu c\u1ea7u mua tr\u1ea3 g\u00f3p\u00a0v\u1edbi m\u1ee9c chi ph\u00ed th\u1ea5p h\u01a1n l\u00e3i su\u1ea5t ti\u1ebft ki\u1ec7m, th\u1ee7 t\u1ee5c \u0111\u01a1n gi\u1ea3n, nhanh g\u1ecdn, m\u00e0\u00a0kh\u00f4ng c\u1ea7n\u00a0th\u1ee7 t\u1ee5c gi\u1ea5y t\u1edd, ch\u1ee9ng minh thu nh\u1eadp nh\u01b0 c\u00e1c h\u00ecnh th\u1ee9c mua tr\u1ea3 g\u00f3p kh\u00e1c.<\/p>\n<ul>\n<li>Mua h\u00e0ng tr\u1ea3 g\u00f3p qua th\u1ebb t\u00edn d\u1ee5ng ( th\u1ebb ghi n\u1ee3) \u00e1p d\u1ee5ng cho c\u00e1c ng\u00e2n h\u00e0ng:\u00a0<strong>Sacombank, VIB, HSBC, Citibank, Techcombank, VPBank, Shinhan Bank, ANZ, Eximbank, Maritime Bank, SeaBank, TPBank, Standard Chartered, SCB, FeCredit, Nam \u00c1, OCB, KienLong, SHB, BIDV, VCB, ACB, MBBank, HomeCredit<\/strong><\/li>\n<\/ul>\n<p><strong>2. C\u00e1c b\u01b0\u1edbc th\u1ef1c hi\u1ec7n mua h\u00e0ng:<\/strong><\/p>\n<ul>\n<li><strong>B\u01b0\u1edbc 1<\/strong>: Qu\u00fd kh\u00e1ch \u0111\u1ebfn showroom xem h\u00e0ng ho\u1eb7c mua h\u00e0ng online tr\u00ean to\u00e0n qu\u1ed1c<\/li>\n<li><strong>B\u01b0\u1edbc 2<\/strong>: Qu\u00fd kh\u00e1ch ch\u1ecdn s\u1ea3n ph\u1ea9m mu\u1ed1n mua, ch\u1ecdn tr\u1ea3 g\u00f3p.<\/li>\n<\/ul>\n","protected":false},"excerpt":{"rendered":"<p>Tr\u1ea3 g\u00f3p qua th\u1ebb t\u00edn d\u1ee5ng 1. H\u01b0\u1edbng d\u1eabn mua h\u00e0ng tr\u1ea3 g\u00f3p qua th\u1ebb t\u00edn d\u1ee5ng ( th\u1ebb ghi n\u1ee3): Mua h\u00e0ng tr\u1ea3 g\u00f3p b\u1eb1ng th\u1ebb t\u00edn d\u1ee5ng l\u00e0 g\u00ec? L\u00e0 h\u00ecnh th\u1ee9c mua h\u00e0ng c\u1ef1c k\u1ef3 ti\u1ec7n l\u1ee3i d\u00e0nh cho doanh nh\u00e2n, c\u00e1n b\u1ed9, nh\u00e2n vi\u00ean v\u0103n ph\u00f2ng,&#8230; nh\u1eefng ng\u01b0\u1eddi \u0111ang s\u1eed d\u1ee5ng &#8230;<\/p>\n","protected":false},"author":2,"featured_media":0,"parent":0,"menu_order":0,"comment_status":"closed","ping_status":"closed","template":"","meta":{"footnotes":""},"yst_prominent_words":[],"class_list":["post-1240","page","type-page","status-publish","hentry"],"_links":{"self":[{"href":"https:\/\/maytinh2.minasoft.vn\/index.php?rest_route=\/wp\/v2\/pages\/1240","targetHints":{"allow":["GET"]}}],"collection":[{"href":"https:\/\/maytinh2.minasoft.vn\/index.php?rest_route=\/wp\/v2\/pages"}],"about":[{"href":"https:\/\/maytinh2.minasoft.vn\/index.php?rest_route=\/wp\/v2\/types\/page"}],"author":[{"embeddable":true,"href":"https:\/\/maytinh2.minasoft.vn\/index.php?rest_route=\/wp\/v2\/users\/2"}],"replies":[{"embeddable":true,"href":"https:\/\/maytinh2.minasoft.vn\/index.php?rest_route=%2Fwp%2Fv2%2Fcomments&post=1240"}],"version-history":[{"count":1,"href":"https:\/\/maytinh2.minasoft.vn\/index.php?rest_route=\/wp\/v2\/pages\/1240\/revisions"}],"predecessor-version":[{"id":1241,"href":"https:\/\/maytinh2.minasoft.vn\/index.php?rest_route=\/wp\/v2\/pages\/1240\/revisions\/1241"}],"wp:attachment":[{"href":"https:\/\/maytinh2.minasoft.vn\/index.php?rest_route=%2Fwp%2Fv2%2Fmedia&parent=1240"}],"wp:term":[{"taxonomy":"yst_prominent_words","embeddable":true,"href":"https:\/\/maytinh2.minasoft.vn\/index.php?rest_route=%2Fwp%2Fv2%2Fyst_prominent_words&post=1240"}],"curies":[{"name":"wp","href":"https:\/\/api.w.org\/{rel}","templated":true}]}}